{"id":33445,"date":"2024-05-01T09:42:09","date_gmt":"2024-05-01T07:42:09","guid":{"rendered":"https:\/\/www.ngsa.ch\/?page_id=33445"},"modified":"2024-06-19T13:46:22","modified_gmt":"2024-06-19T11:46:22","slug":"mentions-legales","status":"publish","type":"page","link":"https:\/\/www.ngsa.ch\/fr\/mentions-legales\/","title":{"rendered":"Mentions l\u00e9gales"},"content":{"rendered":"\t\t<div data-elementor-type=\"wp-page\" data-elementor-id=\"33445\" class=\"elementor elementor-33445\" data-elementor-post-type=\"page\">\n\t\t\t\t<div class=\"has_eae_slider elementor-element elementor-element-fc583df animated-slow e-con-full e-flex elementor-invisible e-con e-parent\" data-eae-slider=\"46762\" data-id=\"fc583df\" data-element_type=\"container\" data-e-type=\"container\" data-settings=\"{&quot;background_background&quot;:&quot;classic&quot;,&quot;animation&quot;:&quot;fadeIn&quot;}\">\n\t\t\t\t<\/div>\n\t\t<div class=\"has_eae_slider elementor-element elementor-element-c0f51c3 animated-slow e-flex e-con-boxed elementor-invisible e-con e-parent\" data-eae-slider=\"117\" data-id=\"c0f51c3\" data-element_type=\"container\" data-e-type=\"container\" data-settings=\"{&quot;animation&quot;:&quot;fadeIn&quot;}\">\n\t\t\t\t\t<div class=\"e-con-inner\">\n\t\t<div class=\"has_eae_slider elementor-element elementor-element-74da920 e-flex e-con-boxed e-con e-child\" data-eae-slider=\"70493\" data-id=\"74da920\" data-element_type=\"container\" data-e-type=\"container\">\n\t\t\t\t\t<div class=\"e-con-inner\">\n\t\t\t\t<div class=\"elementor-element elementor-element-ed3d5e5 elementor-widget__width-inherit elementor-widget elementor-widget-text-editor\" data-id=\"ed3d5e5\" data-element_type=\"widget\" data-e-type=\"widget\" data-widget_type=\"text-editor.default\">\n\t\t\t\t<div class=\"elementor-widget-container\">\n\t\t\t\t\t\t\t\t\t<p><strong>Responsable<\/strong><\/p><ul><li>NUMISMATICA GENEVENSIS SA<\/li><li>Rue Fran\u00e7ois-Bellot 4<\/li><li>1206 Gen\u00e8ve<\/li><li>Suisse<\/li><li>Num\u00e9ro d\u2019enregistrement\u00a0: CHE-101.728.085<\/li><li>Num\u00e9ro de TVA Suisse : CHE-101.728.085 TVA<\/li><\/ul>\t\t\t\t\t\t\t\t<\/div>\n\t\t\t\t<\/div>\n\t\t\t\t<div class=\"elementor-element elementor-element-be1f89f elementor-widget__width-inherit elementor-widget elementor-widget-text-editor\" data-id=\"be1f89f\" data-element_type=\"widget\" data-e-type=\"widget\" data-widget_type=\"text-editor.default\">\n\t\t\t\t<div class=\"elementor-widget-container\">\n\t\t\t\t\t\t\t\t\t<p><strong>Informations de contact<\/strong><\/p><ul><li>T\u00e9l\u00e9phone\u00a0: <span style=\"color: #222323;\"><a style=\"color: #222323;\" href=\"telto:+41223204640\" target=\"_blank\" rel=\"noopener\">+41 22 320 46 40<\/a><\/span><\/li><li>E-mail :\u00a0<span style=\"color: #222323;\"><a style=\"color: #222323;\" href=\"mailto:boutique@ngsa.ch\" target=\"_blank\" rel=\"noopener\">boutique@ngsa.ch<\/a><\/span><\/li><li>Site internet\u00a0: <a href=\"https:\/\/ngsa.ch\" target=\"_blank\" rel=\"noopener\">www.ngsa.ch<\/a><\/li><\/ul>\t\t\t\t\t\t\t\t<\/div>\n\t\t\t\t<\/div>\n\t\t\t\t\t<\/div>\n\t\t\t\t<\/div>\n\t\t\t\t\t<\/div>\n\t\t\t\t<\/div>\n\t\t\t\t<\/div>\n\t\t","protected":false},"excerpt":{"rendered":"<p>Responsable NUMISMATICA GENEVENSIS SA Rue Fran\u00e7ois-Bellot 4 1206 Gen\u00e8ve Suisse Num\u00e9ro d\u2019enregistrement\u00a0: CHE-101.728.085 Num\u00e9ro de TVA Suisse : CHE-101.728.085 TVA Informations de contact T\u00e9l\u00e9phone\u00a0: +41 22 320 46 40 E-mail :\u00a0boutique@ngsa.ch Site internet\u00a0: www.ngsa.ch<\/p>\n","protected":false},"author":11,"featured_media":0,"parent":0,"menu_order":0,"comment_status":"closed","ping_status":"closed","template":"elementor_header_footer","meta":{"_eb_attr":"","footnotes":""},"class_list":["post-33445","page","type-page","status-publish","hentry"],"_links":{"self":[{"href":"https:\/\/www.ngsa.ch\/fr\/wp-json\/wp\/v2\/pages\/33445","targetHints":{"allow":["GET"]}}],"collection":[{"href":"https:\/\/www.ngsa.ch\/fr\/wp-json\/wp\/v2\/pages"}],"about":[{"href":"https:\/\/www.ngsa.ch\/fr\/wp-json\/wp\/v2\/types\/page"}],"author":[{"embeddable":true,"href":"https:\/\/www.ngsa.ch\/fr\/wp-json\/wp\/v2\/users\/11"}],"replies":[{"embeddable":true,"href":"https:\/\/www.ngsa.ch\/fr\/wp-json\/wp\/v2\/comments?post=33445"}],"version-history":[{"count":7,"href":"https:\/\/www.ngsa.ch\/fr\/wp-json\/wp\/v2\/pages\/33445\/revisions"}],"predecessor-version":[{"id":35273,"href":"https:\/\/www.ngsa.ch\/fr\/wp-json\/wp\/v2\/pages\/33445\/revisions\/35273"}],"wp:attachment":[{"href":"https:\/\/www.ngsa.ch\/fr\/wp-json\/wp\/v2\/media?parent=33445"}],"curies":[{"name":"wp","href":"https:\/\/api.w.org\/{rel}","templated":true}]}}