{"id":32240,"date":"2023-11-03T09:51:21","date_gmt":"2023-11-03T08:51:21","guid":{"rendered":"https:\/\/www.ngsa.ch\/prochaines-ventes-aux-encheres\/"},"modified":"2025-11-26T10:22:17","modified_gmt":"2025-11-26T09:22:17","slug":"ventes-actuelles","status":"publish","type":"page","link":"https:\/\/www.ngsa.ch\/fr\/ventes-actuelles\/","title":{"rendered":"Ventes actuelles"},"content":{"rendered":"\t\t<div data-elementor-type=\"wp-page\" data-elementor-id=\"32240\" class=\"elementor elementor-32240 elementor-29466\" data-elementor-post-type=\"page\">\n\t\t\t\t<div class=\"has_eae_slider elementor-element elementor-element-93c127c e-con-full animated-slow e-flex elementor-invisible e-con e-parent\" data-eae-slider=\"69860\" data-id=\"93c127c\" data-element_type=\"container\" data-e-type=\"container\" data-settings=\"{&quot;animation&quot;:&quot;fadeIn&quot;,&quot;background_background&quot;:&quot;gradient&quot;}\">\n\t\t<div class=\"has_eae_slider elementor-element elementor-element-9c152d4 e-flex e-con-boxed e-con e-child\" data-eae-slider=\"98538\" data-id=\"9c152d4\" data-element_type=\"container\" data-e-type=\"container\">\n\t\t\t\t\t<div class=\"e-con-inner\">\n\t\t\t\t<div class=\"elementor-element elementor-element-779958f elementor-widget elementor-widget-heading\" data-id=\"779958f\" data-element_type=\"widget\" data-e-type=\"widget\" data-settings=\"{&quot;_animation&quot;:&quot;none&quot;}\" data-widget_type=\"heading.default\">\n\t\t\t\t<div class=\"elementor-widget-container\">\n\t\t\t\t\t<h2 class=\"elementor-heading-title elementor-size-default\">E-Auction ngsa<\/h2>\t\t\t\t<\/div>\n\t\t\t\t<\/div>\n\t\t\t\t<div class=\"elementor-element elementor-element-ce78504 elementor-widget elementor-widget-heading\" data-id=\"ce78504\" data-element_type=\"widget\" data-e-type=\"widget\" data-settings=\"{&quot;_animation&quot;:&quot;none&quot;}\" data-widget_type=\"heading.default\">\n\t\t\t\t<div class=\"elementor-widget-container\">\n\t\t\t\t\t<h2 class=\"elementor-heading-title elementor-size-default\">1er D\u00e9cembre 2025<\/h2>\t\t\t\t<\/div>\n\t\t\t\t<\/div>\n\t\t<div class=\"has_eae_slider elementor-element elementor-element-3fe7bb6 e-flex e-con-boxed e-con e-child\" data-eae-slider=\"4793\" data-id=\"3fe7bb6\" data-element_type=\"container\" data-e-type=\"container\">\n\t\t\t\t\t<div class=\"e-con-inner\">\n\t\t\t\t<div class=\"elementor-element elementor-element-256220b elementor-align-justify elementor-widget__width-inherit elementor-invisible elementor-widget elementor-widget-button\" data-id=\"256220b\" data-element_type=\"widget\" data-e-type=\"widget\" data-settings=\"{&quot;_animation&quot;:&quot;fadeInLeft&quot;,&quot;_animation_mobile&quot;:&quot;none&quot;}\" data-widget_type=\"button.default\">\n\t\t\t\t<div class=\"elementor-widget-container\">\n\t\t\t\t\t\t\t\t\t<div class=\"elementor-button-wrapper\">\n\t\t\t\t\t<a class=\"elementor-button elementor-button-link elementor-size-sm\" href=\"https:\/\/www.ngsa.ch\/wp-content\/uploads\/2025\/11\/NGSA-E-Auction-Terms-FRANCAIS-VF-1.pdf\">\n\t\t\t\t\t\t<span class=\"elementor-button-content-wrapper\">\n\t\t\t\t\t\t\t\t\t<span class=\"elementor-button-text\">Conditions de vente<\/span>\n\t\t\t\t\t<\/span>\n\t\t\t\t\t<\/a>\n\t\t\t\t<\/div>\n\t\t\t\t\t\t\t\t<\/div>\n\t\t\t\t<\/div>\n\t\t\t\t\t<\/div>\n\t\t\t\t<\/div>\n\t\t\t\t\t<\/div>\n\t\t\t\t<\/div>\n\t\t<div class=\"has_eae_slider elementor-element elementor-element-d5e0e61 e-flex e-con-boxed e-con e-child\" data-eae-slider=\"61902\" data-id=\"d5e0e61\" data-element_type=\"container\" data-e-type=\"container\">\n\t\t\t\t\t<div class=\"e-con-inner\">\n\t\t<div class=\"has_eae_slider elementor-element elementor-element-2f59bae e-flex e-con-boxed e-con e-child\" data-eae-slider=\"15867\" data-id=\"2f59bae\" data-element_type=\"container\" data-e-type=\"container\">\n\t\t\t\t\t<div class=\"e-con-inner\">\n\t\t\t\t<div class=\"elementor-element elementor-element-5d04a41 elementor-widget__width-inherit elementor-widget elementor-widget-image\" data-id=\"5d04a41\" data-element_type=\"widget\" data-e-type=\"widget\" data-widget_type=\"image.default\">\n\t\t\t\t<div class=\"elementor-widget-container\">\n\t\t\t\t\t\t\t\t\t\t\t\t\t\t\t<img fetchpriority=\"high\" decoding=\"async\" width=\"800\" height=\"800\" src=\"https:\/\/www.ngsa.ch\/wp-content\/uploads\/2025\/11\/EAuctionNGSITE-vf-1024x1024.jpg\" class=\"attachment-large size-large wp-image-38623\" alt=\"\" srcset=\"https:\/\/www.ngsa.ch\/wp-content\/uploads\/2025\/11\/EAuctionNGSITE-vf-1024x1024.jpg 1024w, https:\/\/www.ngsa.ch\/wp-content\/uploads\/2025\/11\/EAuctionNGSITE-vf-300x300.jpg 300w, https:\/\/www.ngsa.ch\/wp-content\/uploads\/2025\/11\/EAuctionNGSITE-vf-150x150.jpg 150w, https:\/\/www.ngsa.ch\/wp-content\/uploads\/2025\/11\/EAuctionNGSITE-vf-768x768.jpg 768w, https:\/\/www.ngsa.ch\/wp-content\/uploads\/2025\/11\/EAuctionNGSITE-vf-1536x1536.jpg 1536w, https:\/\/www.ngsa.ch\/wp-content\/uploads\/2025\/11\/EAuctionNGSITE-vf-2048x2048.jpg 2048w\" sizes=\"(max-width: 800px) 100vw, 800px\" \/>\t\t\t\t\t\t\t\t\t\t\t\t\t\t\t<\/div>\n\t\t\t\t<\/div>\n\t\t<div class=\"has_eae_slider elementor-element elementor-element-a93973b e-flex e-con-boxed e-con e-child\" data-eae-slider=\"41131\" data-id=\"a93973b\" data-element_type=\"container\" data-e-type=\"container\">\n\t\t\t\t\t<div class=\"e-con-inner\">\n\t\t\t\t<div class=\"elementor-element elementor-element-6639952 elementor-widget__width-inherit elementor-widget elementor-widget-text-editor\" data-id=\"6639952\" data-element_type=\"widget\" data-e-type=\"widget\" data-widget_type=\"text-editor.default\">\n\t\t\t\t<div class=\"elementor-widget-container\">\n\t\t\t\t\t\t\t\t\t<p><b>E-Auction 1<\/b><\/p>\t\t\t\t\t\t\t\t<\/div>\n\t\t\t\t<\/div>\n\t\t\t\t<div class=\"elementor-element elementor-element-5c9ce5e elementor-widget__width-inherit elementor-widget elementor-widget-text-editor\" data-id=\"5c9ce5e\" data-element_type=\"widget\" data-e-type=\"widget\" data-widget_type=\"text-editor.default\">\n\t\t\t\t<div class=\"elementor-widget-container\">\n\t\t\t\t\t\t\t\t\t<ul><li>Monnaies antiques avec vieux p\u00e9digr\u00e9es<\/li><li>Collection de monnaies byzantines<\/li><li>Pi\u00e8ces d&rsquo;or fran\u00e7aises<\/li><li>Monnaies de la Maison de Savoie<\/li><li>S\u00e9lection de monnaies suisses<\/li><\/ul>\t\t\t\t\t\t\t\t<\/div>\n\t\t\t\t<\/div>\n\t\t\t\t\t<\/div>\n\t\t\t\t<\/div>\n\t\t<div class=\"has_eae_slider elementor-element elementor-element-d6f8895 e-flex e-con-boxed e-con e-child\" data-eae-slider=\"53511\" data-id=\"d6f8895\" data-element_type=\"container\" data-e-type=\"container\">\n\t\t\t\t\t<div class=\"e-con-inner\">\n\t\t\t\t<div class=\"elementor-element elementor-element-da75902 elementor-align-justify elementor-widget__width-inherit elementor-invisible elementor-widget elementor-widget-button\" data-id=\"da75902\" data-element_type=\"widget\" data-e-type=\"widget\" data-settings=\"{&quot;_animation&quot;:&quot;fadeInLeft&quot;}\" data-widget_type=\"button.default\">\n\t\t\t\t<div class=\"elementor-widget-container\">\n\t\t\t\t\t\t\t\t\t<div class=\"elementor-button-wrapper\">\n\t\t\t\t\t<a class=\"elementor-button elementor-button-link elementor-size-sm\" href=\"https:\/\/www.ngsa.ch\/live-bidding\/#!\/auction?a=6521\">\n\t\t\t\t\t\t<span class=\"elementor-button-content-wrapper\">\n\t\t\t\t\t\t\t\t\t<span class=\"elementor-button-text\">Live bidding<\/span>\n\t\t\t\t\t<\/span>\n\t\t\t\t\t<\/a>\n\t\t\t\t<\/div>\n\t\t\t\t\t\t\t\t<\/div>\n\t\t\t\t<\/div>\n\t\t\t\t<div class=\"elementor-element elementor-element-35ffb27 elementor-align-justify elementor-widget__width-inherit elementor-invisible elementor-widget elementor-widget-button\" data-id=\"35ffb27\" data-element_type=\"widget\" data-e-type=\"widget\" data-settings=\"{&quot;_animation&quot;:&quot;fadeInLeft&quot;}\" data-widget_type=\"button.default\">\n\t\t\t\t<div class=\"elementor-widget-container\">\n\t\t\t\t\t\t\t\t\t<div class=\"elementor-button-wrapper\">\n\t\t\t\t\t<a class=\"elementor-button elementor-button-link elementor-size-sm\" href=\"https:\/\/www.ngsa.ch\/live-bidding\/#!\/auction?a=6521\">\n\t\t\t\t\t\t<span class=\"elementor-button-content-wrapper\">\n\t\t\t\t\t\t\t\t\t<span class=\"elementor-button-text\">Pre bids<\/span>\n\t\t\t\t\t<\/span>\n\t\t\t\t\t<\/a>\n\t\t\t\t<\/div>\n\t\t\t\t\t\t\t\t<\/div>\n\t\t\t\t<\/div>\n\t\t\t\t\t<\/div>\n\t\t\t\t<\/div>\n\t\t<div class=\"has_eae_slider elementor-element elementor-element-00c8ca6 e-flex e-con-boxed e-con e-child\" data-eae-slider=\"60789\" data-id=\"00c8ca6\" data-element_type=\"container\" data-e-type=\"container\">\n\t\t\t\t\t<div class=\"e-con-inner\">\n\t\t\t\t<div class=\"elementor-element elementor-element-3c6b8e7 elementor-widget__width-inherit elementor-widget elementor-widget-text-editor\" data-id=\"3c6b8e7\" data-element_type=\"widget\" data-e-type=\"widget\" data-widget_type=\"text-editor.default\">\n\t\t\t\t<div class=\"elementor-widget-container\">\n\t\t\t\t\t\t\t\t\t<p><strong>Lundi 1er d\u00e9cembre<\/strong><\/p><p>14h &#8211; lots 2001 \u00e0 2200<\/p>\t\t\t\t\t\t\t\t<\/div>\n\t\t\t\t<\/div>\n\t\t\t\t\t<\/div>\n\t\t\t\t<\/div>\n\t\t\t\t\t<\/div>\n\t\t\t\t<\/div>\n\t\t<div class=\"has_eae_slider elementor-element elementor-element-d17da61 e-flex e-con-boxed e-con e-child\" data-eae-slider=\"94208\" data-id=\"d17da61\" data-element_type=\"container\" data-e-type=\"container\">\n\t\t\t\t\t<div class=\"e-con-inner\">\n\t\t\t\t\t<\/div>\n\t\t\t\t<\/div>\n\t\t\t\t\t<\/div>\n\t\t\t\t<\/div>\n\t\t\t\t<\/div>\n\t\t\t\t<\/div>\n\t\t","protected":false},"excerpt":{"rendered":"<p>E-Auction ngsa 1er D\u00e9cembre 2025 Conditions de vente E-Auction 1 Monnaies antiques avec vieux p\u00e9digr\u00e9es Collection de monnaies byzantines Pi\u00e8ces d&rsquo;or fran\u00e7aises Monnaies de la Maison de Savoie S\u00e9lection de monnaies suisses Live bidding Pre bids Lundi 1er d\u00e9cembre 14h &#8211; lots 2001 \u00e0 2200<\/p>\n","protected":false},"author":11,"featured_media":32656,"parent":0,"menu_order":0,"comment_status":"closed","ping_status":"closed","template":"elementor_header_footer","meta":{"_eb_attr":"","footnotes":""},"class_list":["post-32240","page","type-page","status-publish","has-post-thumbnail","hentry"],"_links":{"self":[{"href":"https:\/\/www.ngsa.ch\/fr\/wp-json\/wp\/v2\/pages\/32240","targetHints":{"allow":["GET"]}}],"collection":[{"href":"https:\/\/www.ngsa.ch\/fr\/wp-json\/wp\/v2\/pages"}],"about":[{"href":"https:\/\/www.ngsa.ch\/fr\/wp-json\/wp\/v2\/types\/page"}],"author":[{"embeddable":true,"href":"https:\/\/www.ngsa.ch\/fr\/wp-json\/wp\/v2\/users\/11"}],"replies":[{"embeddable":true,"href":"https:\/\/www.ngsa.ch\/fr\/wp-json\/wp\/v2\/comments?post=32240"}],"version-history":[{"count":172,"href":"https:\/\/www.ngsa.ch\/fr\/wp-json\/wp\/v2\/pages\/32240\/revisions"}],"predecessor-version":[{"id":38705,"href":"https:\/\/www.ngsa.ch\/fr\/wp-json\/wp\/v2\/pages\/32240\/revisions\/38705"}],"wp:featuredmedia":[{"embeddable":true,"href":"https:\/\/www.ngsa.ch\/fr\/wp-json\/wp\/v2\/media\/32656"}],"wp:attachment":[{"href":"https:\/\/www.ngsa.ch\/fr\/wp-json\/wp\/v2\/media?parent=32240"}],"curies":[{"name":"wp","href":"https:\/\/api.w.org\/{rel}","templated":true}]}}